{"id":969,"date":"2024-03-22T14:04:16","date_gmt":"2024-03-22T14:04:16","guid":{"rendered":"https:\/\/yogaone.triviawebtech.com\/?page_id=969"},"modified":"2024-03-22T14:04:16","modified_gmt":"2024-03-22T14:04:16","slug":"massage","status":"publish","type":"page","link":"https:\/\/demofour.triviawebtech.com\/index.php\/massage\/","title":{"rendered":"Massage"},"content":{"rendered":"<p>[vc_row][vc_column][vc_column_text]<\/p>\n<div class=\"flex-1 overflow-hidden\">\n<div class=\"react-scroll-to-bottom--css-edpgw-79elbk h-full\">\n<div class=\"react-scroll-to-bottom--css-edpgw-1n7m0yu\">\n<div class=\"flex flex-col text-sm pb-9\">\n<div class=\"w-full text-token-text-primary\" data-testid=\"conversation-turn-59\">\n<div class=\"px-4 py-2 justify-center text-base md:gap-6 m-auto\">\n<div class=\"flex flex-1 text-base mx-auto gap-3 md:px-5 lg:px-1 xl:px-5 md:max-w-3xl lg:max-w-[40rem] xl:max-w-[48rem] group final-completion\">\n<div class=\"relative flex w-full flex-col agent-turn\">\n<div class=\"flex-col gap-1 md:gap-3\">\n<div class=\"flex flex-grow flex-col max-w-full\">\n<div class=\"min-h-[20px] text-message flex flex-col items-start gap-3 whitespace-pre-wrap break-words [.text-message+&amp;]:mt-5 overflow-x-auto\" data-message-author-role=\"assistant\" data-message-id=\"23adcd23-59c2-414b-8f8f-c9729924caa8\">\n<div class=\"markdown prose w-full break-words dark:prose-invert light\">\n<p><span style=\"color: #000000;\">Zahara Yoga &amp; Masaje, ubicado en Tenerife, Espa\u00f1a, te ofrece una experiencia de bienestar incomparable. Especializados en masaje, nuestro equipo altamente capacitado te brinda tratamientos personalizados para aliviar el estr\u00e9s, mejorar la circulaci\u00f3n y promover la relajaci\u00f3n profunda. En un ambiente tranquilo y acogedor, te invitamos a descubrir una variedad de t\u00e9cnicas de masaje dise\u00f1adas para satisfacer tus necesidades individuales. Con un enfoque centrado en tu bienestar integral, en Zahara Yoga &amp; Masaje te ayudamos a encontrar el equilibrio f\u00edsico y mental que necesitas para una vida plena y saludable. \u00a1Reserva tu cita hoy mismo y d\u00e9jate llevar por la experiencia Zahara!<\/span><\/p>\n<\/div>\n<\/div>\n<\/div>\n<div class=\"mt-1 flex justify-start gap-3 empty:hidden\">\n<div class=\"text-gray-400 flex self-end lg:self-center items-center justify-center lg:justify-start mt-0 -ml-1 h-7 gap-[2px] visible\">\n<div class=\"flex items-center gap-1.5 text-xs\"><\/div>\n<div class=\"flex\"><\/div>\n<\/div>\n<\/div>\n<div class=\"pr-2 lg:pr-0\"><\/div>\n<\/div>\n<div class=\"absolute\">\n<div class=\"flex w-full gap-2 items-center justify-center\"><\/div>\n<\/div>\n<\/div>\n<\/div>\n<\/div>\n<\/div>\n<\/div>\n<\/div>\n<\/div>\n<\/div>\n<div class=\"w-full pt-2 md:pt-0 dark:border-white\/20 md:border-transparent md:dark:border-transparent md:w-[calc(100%-.5rem)]\">\n<form class=\"stretch mx-2 flex flex-row gap-3 last:mb-2 md:mx-4 md:last:mb-6 lg:mx-auto lg:max-w-2xl xl:max-w-3xl\">\n<div class=\"relative flex h-full flex-1 flex-col\">\n<div class=\"absolute bottom-full left-0 right-0\"><\/div>\n<div class=\"flex w-full items-center\"><\/div>\n<\/div>\n<\/form>\n<\/div>\n<p>[\/vc_column_text][\/vc_column][\/vc_row][vc_row][vc_column][trx_services type=&#8221;images&#8221; equalheight=&#8221;yes&#8221; image_align=&#8221;center&#8221; align=&#8221;center&#8221; title=&#8221;Nuestros Servicios de Masaje&#8221; cat=&#8221;22&#8243; columns=&#8221;3&#8243; count=&#8221;9&#8243;][trx_services_item title=&#8221;Service item 1&#8243;][\/trx_services_item][trx_services_item title=&#8221;Service item 2&#8243;][\/trx_services_item][trx_services_item title=&#8221;Service item 3&#8243;][\/trx_services_item][trx_services_item title=&#8221;Service item 4&#8243;][\/trx_services_item][\/trx_services][\/vc_column][\/vc_row][vc_row css=&#8221;.vc_custom_1711134901235{margin-top: 33px !important;}&#8221;][vc_column][vc_column_text]<\/p>\n<h4><strong>Reserva tu masaje:<\/strong><\/h4>\n<p><strong>Sum\u00e9rgete en un mundo de relajaci\u00f3n y bienestar. Experimenta el poder curativo de un masaje dise\u00f1ado para rejuvenecer tu cuerpo y mente. \u00a1Haz tu reserva hoy mismo y reg\u00e1late el cuidado que mereces<\/strong><\/p>\n<p>[bookly-form][\/vc_column_text][\/vc_column][\/vc_row]<\/p>\n","protected":false},"excerpt":{"rendered":"<p>[vc_row][vc_column][vc_column_text] Zahara Yoga &amp; Masaje, ubicado en Tenerife, Espa\u00f1a, te ofrece una experiencia de bienestar incomparable. Especializados en masaje, nuestro equipo altamente capacitado te brinda tratamientos personalizados para aliviar el estr\u00e9s, mejorar la circulaci\u00f3n y promover la relajaci\u00f3n profunda. En un ambiente tranquilo y acogedor, te invitamos a descubrir una variedad de t\u00e9cnicas de masaje &hellip; <\/p>\n<p class=\"link-more\"><a href=\"https:\/\/demofour.triviawebtech.com\/index.php\/massage\/\" class=\"more-link\">Continue reading<span class=\"screen-reader-text\"> &#8220;Massage&#8221;<\/span><\/a><\/p>\n","protected":false},"author":1,"featured_media":0,"parent":0,"menu_order":0,"comment_status":"closed","ping_status":"closed","template":"","meta":{"footnotes":""},"class_list":["post-969","page","type-page","status-publish","hentry"],"_links":{"self":[{"href":"https:\/\/demofour.triviawebtech.com\/index.php\/wp-json\/wp\/v2\/pages\/969","targetHints":{"allow":["GET"]}}],"collection":[{"href":"https:\/\/demofour.triviawebtech.com\/index.php\/wp-json\/wp\/v2\/pages"}],"about":[{"href":"https:\/\/demofour.triviawebtech.com\/index.php\/wp-json\/wp\/v2\/types\/page"}],"author":[{"embeddable":true,"href":"https:\/\/demofour.triviawebtech.com\/index.php\/wp-json\/wp\/v2\/users\/1"}],"replies":[{"embeddable":true,"href":"https:\/\/demofour.triviawebtech.com\/index.php\/wp-json\/wp\/v2\/comments?post=969"}],"version-history":[{"count":0,"href":"https:\/\/demofour.triviawebtech.com\/index.php\/wp-json\/wp\/v2\/pages\/969\/revisions"}],"wp:attachment":[{"href":"https:\/\/demofour.triviawebtech.com\/index.php\/wp-json\/wp\/v2\/media?parent=969"}],"curies":[{"name":"wp","href":"https:\/\/api.w.org\/{rel}","templated":true}]}}