{"id":41,"date":"2016-08-19T15:05:39","date_gmt":"2016-08-19T15:05:39","guid":{"rendered":"https:\/\/yogaone.triviawebtech.com\/?page_id=41"},"modified":"2016-08-19T15:05:39","modified_gmt":"2016-08-19T15:05:39","slug":"services","status":"publish","type":"page","link":"https:\/\/demofour.triviawebtech.com\/index.php\/services\/","title":{"rendered":"Services"},"content":{"rendered":"<p>[vc_row full_width=&#8221;stretch_row&#8221; inverse=&#8221;&#8221; css=&#8221;.vc_custom_1472481984982{background-image: url(https:\/\/yogaone.triviawebtech.com\/wp-content\/uploads\/2016\/08\/background-6.jpg?id=219) !important;background-position: center !important;background-repeat: no-repeat !important;background-size: cover !important;}&#8221;][vc_column css=&#8221;.vc_custom_1472481964183{margin-bottom: 0.9rem !important;}&#8221;][trx_services type=&#8221;images&#8221; equalheight=&#8221;yes&#8221; image_align=&#8221;center&#8221; align=&#8221;center&#8221; title=&#8221;Masaje&#8221; subtitle=&#8221;welcome&#8221; description=&#8221;\u00a1Bienvenido a Zahara Yoga &amp; Masaje! Sum\u00e9rgete en un oasis de serenidad y bienestar, donde podr\u00e1s encontrar la armon\u00eda entre cuerpo y mente a trav\u00e9s de nuestras clases de yoga y tratamientos de masaje. \u00a1D\u00e9janos acompa\u00f1arte en tu viaje hacia una vida m\u00e1s equilibrada y saludable!&#8221; cat=&#8221;22&#8243; columns=&#8221;3&#8243; count=&#8221;9&#8243; orderby=&#8221;views&#8221; readmore=&#8221;none&#8221; top=&#8221;medium&#8221; bottom=&#8221;large&#8221;][\/trx_services][\/vc_column][\/vc_row][vc_row][vc_column css=&#8221;.vc_custom_1472483884914{margin-top: 0.5em !important;margin-bottom: 0.15em !important;}&#8221;][trx_services style=&#8221;services-2&#8243; title=&#8221;Yoga&#8221; subtitle=&#8221;Yoga&#8221; cat=&#8221;23&#8243; columns=&#8221;3&#8243; count=&#8221;9&#8243; order=&#8221;asc&#8221; readmore=&#8221;none&#8221; top=&#8221;large&#8221; bottom=&#8221;large&#8221;][trx_services_item title=&#8221;Service item 1&#8243;][\/trx_services_item][trx_services_item title=&#8221;Service item 2&#8243;][\/trx_services_item][trx_services_item title=&#8221;Service item 3&#8243;][\/trx_services_item][trx_services_item title=&#8221;Service item 4&#8243;][\/trx_services_item][\/trx_services][\/vc_column][\/vc_row][vc_row][vc_column][vc_column_text][bookly-form][\/vc_column_text][\/vc_column][\/vc_row][vc_row][vc_column][vc_separator][\/vc_column][\/vc_row]<\/p>\n","protected":false},"excerpt":{"rendered":"<p>[vc_row full_width=&#8221;stretch_row&#8221; inverse=&#8221;&#8221; css=&#8221;.vc_custom_1472481984982{background-image: url(https:\/\/yogaone.triviawebtech.com\/wp-content\/uploads\/2016\/08\/background-6.jpg?id=219) !important;background-position: center !important;background-repeat: no-repeat !important;background-size: cover !important;}&#8221;][vc_column css=&#8221;.vc_custom_1472481964183{margin-bottom: 0.9rem !important;}&#8221;][trx_services type=&#8221;images&#8221; equalheight=&#8221;yes&#8221; image_align=&#8221;center&#8221; align=&#8221;center&#8221; title=&#8221;Masaje&#8221; subtitle=&#8221;welcome&#8221; description=&#8221;\u00a1Bienvenido a Zahara Yoga &amp; Masaje! Sum\u00e9rgete en un oasis de serenidad y bienestar, donde podr\u00e1s encontrar la armon\u00eda entre cuerpo y mente a trav\u00e9s de nuestras clases de yoga y tratamientos de masaje. &hellip; <\/p>\n<p class=\"link-more\"><a href=\"https:\/\/demofour.triviawebtech.com\/index.php\/services\/\" class=\"more-link\">Continue reading<span class=\"screen-reader-text\"> &#8220;Services&#8221;<\/span><\/a><\/p>\n","protected":false},"author":1,"featured_media":0,"parent":0,"menu_order":0,"comment_status":"closed","ping_status":"closed","template":"","meta":{"footnotes":""},"class_list":["post-41","page","type-page","status-publish","hentry"],"_links":{"self":[{"href":"https:\/\/demofour.triviawebtech.com\/index.php\/wp-json\/wp\/v2\/pages\/41","targetHints":{"allow":["GET"]}}],"collection":[{"href":"https:\/\/demofour.triviawebtech.com\/index.php\/wp-json\/wp\/v2\/pages"}],"about":[{"href":"https:\/\/demofour.triviawebtech.com\/index.php\/wp-json\/wp\/v2\/types\/page"}],"author":[{"embeddable":true,"href":"https:\/\/demofour.triviawebtech.com\/index.php\/wp-json\/wp\/v2\/users\/1"}],"replies":[{"embeddable":true,"href":"https:\/\/demofour.triviawebtech.com\/index.php\/wp-json\/wp\/v2\/comments?post=41"}],"version-history":[{"count":0,"href":"https:\/\/demofour.triviawebtech.com\/index.php\/wp-json\/wp\/v2\/pages\/41\/revisions"}],"wp:attachment":[{"href":"https:\/\/demofour.triviawebtech.com\/index.php\/wp-json\/wp\/v2\/media?parent=41"}],"curies":[{"name":"wp","href":"https:\/\/api.w.org\/{rel}","templated":true}]}}