{"id":39,"date":"2016-08-19T15:05:22","date_gmt":"2016-08-19T15:05:22","guid":{"rendered":"https:\/\/yogaone.triviawebtech.com\/?page_id=39"},"modified":"2024-03-24T17:55:43","modified_gmt":"2024-03-24T17:55:43","slug":"about","status":"publish","type":"page","link":"https:\/\/demofour.triviawebtech.com\/index.php\/about\/","title":{"rendered":"About"},"content":{"rendered":"<p>[vc_row full_width=&#8221;stretch_row&#8221; css=&#8221;.vc_custom_1472991358457{background-image: url(https:\/\/yogaone.triviawebtech.com\/wp-content\/uploads\/2016\/08\/bgg.jpg?id=449) !important;background-position: center !important;background-repeat: no-repeat !important;background-size: cover !important;}&#8221;][vc_column][trx_columns margins=&#8221;&#8221; top=&#8221;small&#8221; bottom=&#8221;huge&#8221;][trx_column_item][\/trx_column_item][trx_column_item align=&#8221;left&#8221;][vc_empty_space height=&#8221;0.3rem&#8221;][trx_title type=&#8221;2&#8243; top=&#8221;small&#8221;]\u00bfQui\u00e9n soy?[\/trx_title][vc_column_text]<span style=\"color: #000000;\">Zahara Yoga &amp; Masaje te da la bienvenida a un espacio de armon\u00eda y bienestar en Tenerife, Espa\u00f1a. Nos dedicamos a proporcionarte una experiencia transformadora a trav\u00e9s de la pr\u00e1ctica del yoga y los tratamientos de masaje.<\/span><\/p>\n<p><span style=\"color: #000000;\">En Zahara, creemos en el poder de la conexi\u00f3n entre cuerpo y mente. Nuestros instructores de yoga expertos te guiar\u00e1n en clases dise\u00f1adas para fortalecer, flexibilizar y equilibrar tu cuerpo, mientras encuentras calma y claridad mental.<\/span><\/p>\n<p><span style=\"color: #000000;\">Nuestros terapeutas de masaje altamente capacitados est\u00e1n aqu\u00ed para ayudarte a liberar la tensi\u00f3n acumulada, aliviar el estr\u00e9s y mejorar tu bienestar general. Ofrecemos una variedad de t\u00e9cnicas de masaje adaptadas a tus necesidades individuales, desde masajes relajantes hasta terapias m\u00e1s profundas.<\/span>[\/vc_column_text][vc_empty_space height=&#8221;0.3rem&#8221;][trx_button link=&#8221;\/appointment\/&#8221; popup=&#8221;yes&#8221; top=&#8221;small&#8221;]Solicitar Reserva[\/trx_button][\/trx_column_item][\/trx_columns][vc_empty_space height=&#8221;0.7rem&#8221;][\/vc_column][\/vc_row][vc_row full_width=&#8221;stretch_row&#8221; inverse=&#8221;&#8221; css=&#8221;.vc_custom_1472991985224{background-image: url(https:\/\/yogaone.triviawebtech.com\/wp-content\/uploads\/2016\/08\/bg.jpg?id=575) !important;background-position: center !important;background-repeat: no-repeat !important;background-size: cover !important;}&#8221;][vc_column][trx_section align=&#8221;center&#8221; title=&#8221;Opciones de Masaje&#8221; subtitle=&#8221;services&#8221; description=&#8221;Explore our diverse range of massage options tailored to your needs. From relaxing Swedish massages to deep tissue therapies, our skilled team ensures a personalized experience to promote relaxation and wellness.&#8221; bottom=&#8221;huge&#8221;][trx_columns count=&#8221;3&#8243; margins=&#8221;no&#8221; bottom=&#8221;large&#8221;][trx_column_item span=&#8221;2&#8243;][trx_slider custom=&#8221;yes&#8221; cat=&#8221;0&#8243; pagination=&#8221;yes&#8221; height=&#8221;362&#8243;][trx_slider_item src=&#8221;180&#8243;][\/trx_slider_item][trx_slider_item src=&#8221;11&#8243;][\/trx_slider_item][trx_slider_item src=&#8221;23&#8243;][\/trx_slider_item][\/trx_slider][\/trx_column_item][trx_column_item bg_color=&#8221;#ffffff&#8221;][trx_title type=&#8221;4&#8243;]Men\u00fa de Terapias de Masaje y Precios[\/trx_title][vc_empty_space height=&#8221;0.45rem&#8221;][vc_column_text css=&#8221;.vc_custom_1711134335375{margin-bottom: 1.2rem !important;}&#8221;]<\/p>\n<div class=\"flex-1 overflow-hidden\">\n<div class=\"react-scroll-to-bottom--css-edpgw-79elbk h-full\">\n<div class=\"react-scroll-to-bottom--css-edpgw-1n7m0yu\">\n<div class=\"flex flex-col text-sm pb-9\">\n<div class=\"w-full text-token-text-primary\" data-testid=\"conversation-turn-51\">\n<div class=\"px-4 py-2 justify-center text-base md:gap-6 m-auto\">\n<div class=\"flex flex-1 text-base mx-auto gap-3 md:px-5 lg:px-1 xl:px-5 md:max-w-3xl lg:max-w-[40rem] xl:max-w-[48rem] group final-completion\">\n<div class=\"relative flex w-full flex-col agent-turn\">\n<div class=\"flex-col gap-1 md:gap-3\">\n<div class=\"flex flex-grow flex-col max-w-full\">\n<div class=\"min-h-[20px] text-message flex flex-col items-start gap-3 whitespace-pre-wrap break-words [.text-message+&amp;]:mt-5 overflow-x-auto\" data-message-author-role=\"assistant\" data-message-id=\"3b713e4e-64a7-43d4-999a-c1176cc476e9\">\n<div class=\"markdown prose w-full break-words dark:prose-invert light\">\n<p>Nuestro equipo certificado y experto estar\u00e1 encantado de ayudarte a seleccionar el tipo de masaje que mejor se adapte a ti y satisfaga tus necesidades.<\/p>\n<\/div>\n<\/div>\n<\/div>\n<div class=\"mt-1 flex justify-start gap-3 empty:hidden\">\n<div class=\"text-gray-400 flex self-end lg:self-center items-center justify-center lg:justify-start mt-0 -ml-1 h-7 gap-[2px] visible\">\n<div class=\"flex\"><\/div>\n<\/div>\n<\/div>\n<div class=\"pr-2 lg:pr-0\"><\/div>\n<\/div>\n<div class=\"absolute\">\n<div class=\"flex w-full gap-2 items-center justify-center\"><\/div>\n<\/div>\n<\/div>\n<\/div>\n<\/div>\n<\/div>\n<\/div>\n<\/div>\n<\/div>\n<\/div>\n<div class=\"w-full pt-2 md:pt-0 dark:border-white\/20 md:border-transparent md:dark:border-transparent md:w-[calc(100%-.5rem)]\">\n<form class=\"stretch mx-2 flex flex-row gap-3 last:mb-2 md:mx-4 md:last:mb-6 lg:mx-auto lg:max-w-2xl xl:max-w-3xl\">\n<div class=\"relative flex h-full flex-1 flex-col\">\n<div class=\"absolute bottom-full left-0 right-0\"><\/div>\n<div class=\"flex w-full items-center\"><\/div>\n<\/div>\n<\/form>\n<\/div>\n<p>[\/vc_column_text][trx_button size=&#8221;medium&#8221; icon=&#8221;icon-download&#8221; link=&#8221;\/pricing\/&#8221; top=&#8221;tiny&#8221;]Brochure[\/trx_button][\/trx_column_item][\/trx_columns][\/trx_section][vc_empty_space height=&#8221;0.5rem&#8221;][\/vc_column][\/vc_row][vc_row][vc_column css=&#8221;.vc_custom_1472711874863{margin-bottom: 1rem !important;}&#8221;][trx_services style=&#8221;services-5&#8243; image=&#8221;184&#8243; title=&#8221;Health Benefits&#8221; subtitle=&#8221;therapy&#8221; cat=&#8221;23&#8243; columns=&#8221;2&#8243; count=&#8221;6&#8243; order=&#8221;asc&#8221; readmore=&#8221;none&#8221; top=&#8221;medium&#8221; bottom=&#8221;huge&#8221;][trx_services_item title=&#8221;It counteracts all that sitting you do&#8221; icon=&#8221;icon-flaticon_32341&#8243;][\/trx_services_item][trx_services_item title=&#8221;It relieves headaches&#8221;][\/trx_services_item][trx_services_item title=&#8221;It eases muscle pain&#8221;][\/trx_services_item][trx_services_item title=&#8221;It improves sleep&#8221;][\/trx_services_item][\/trx_services][\/vc_column][\/vc_row][vc_row full_width=&#8221;stretch_row_content_no_spaces&#8221; inverse=&#8221;yes&#8221; css=&#8221;.vc_custom_1473673829508{background-image: url(https:\/\/yogaone.triviawebtech.com\/wp-content\/uploads\/2016\/08\/promo.jpg?id=471) !important;background-position: center !important;background-repeat: no-repeat !important;background-size: cover !important;}&#8221;][vc_column][trx_call_to_action style=&#8221;1&#8243; title=&#8221;Reserva una cita en l\u00ednea&#8221; description=&#8221;Para tu comodidad, puedes reservar tu cita en l\u00ednea con nuestra herramienta de reserva segura, o ll\u00e1manos al +34 685 75 05 70.&#8221; link=&#8221;\/appointment\/&#8221; link_caption=&#8221;Solicitar Reserva&#8221; top=&#8221;huge&#8221; bottom=&#8221;huge&#8221;][\/trx_call_to_action][\/vc_column][\/vc_row][vc_row][vc_column][vc_empty_space height=&#8221;0.9rem&#8221;][\/vc_column][\/vc_row]<\/p>\n","protected":false},"excerpt":{"rendered":"<p>[vc_row full_width=&#8221;stretch_row&#8221; css=&#8221;.vc_custom_1472991358457{background-image: url(https:\/\/yogaone.triviawebtech.com\/wp-content\/uploads\/2016\/08\/bgg.jpg?id=449) !important;background-position: center !important;background-repeat: no-repeat !important;background-size: cover !important;}&#8221;][vc_column][trx_columns margins=&#8221;&#8221; top=&#8221;small&#8221; bottom=&#8221;huge&#8221;][trx_column_item][\/trx_column_item][trx_column_item align=&#8221;left&#8221;][vc_empty_space height=&#8221;0.3rem&#8221;][trx_title type=&#8221;2&#8243; top=&#8221;small&#8221;]\u00bfQui\u00e9n soy?[\/trx_title][vc_column_text]Zahara Yoga &amp; Masaje te da la bienvenida a un espacio de armon\u00eda y bienestar en Tenerife, Espa\u00f1a. Nos dedicamos a proporcionarte una experiencia transformadora a trav\u00e9s de la pr\u00e1ctica del yoga y los tratamientos de masaje. &hellip; <\/p>\n<p class=\"link-more\"><a href=\"https:\/\/demofour.triviawebtech.com\/index.php\/about\/\" class=\"more-link\">Continue reading<span class=\"screen-reader-text\"> &#8220;About&#8221;<\/span><\/a><\/p>\n","protected":false},"author":1,"featured_media":1261,"parent":0,"menu_order":0,"comment_status":"closed","ping_status":"closed","template":"","meta":{"footnotes":""},"class_list":["post-39","page","type-page","status-publish","has-post-thumbnail","hentry"],"_links":{"self":[{"href":"https:\/\/demofour.triviawebtech.com\/index.php\/wp-json\/wp\/v2\/pages\/39","targetHints":{"allow":["GET"]}}],"collection":[{"href":"https:\/\/demofour.triviawebtech.com\/index.php\/wp-json\/wp\/v2\/pages"}],"about":[{"href":"https:\/\/demofour.triviawebtech.com\/index.php\/wp-json\/wp\/v2\/types\/page"}],"author":[{"embeddable":true,"href":"https:\/\/demofour.triviawebtech.com\/index.php\/wp-json\/wp\/v2\/users\/1"}],"replies":[{"embeddable":true,"href":"https:\/\/demofour.triviawebtech.com\/index.php\/wp-json\/wp\/v2\/comments?post=39"}],"version-history":[{"count":1,"href":"https:\/\/demofour.triviawebtech.com\/index.php\/wp-json\/wp\/v2\/pages\/39\/revisions"}],"predecessor-version":[{"id":1262,"href":"https:\/\/demofour.triviawebtech.com\/index.php\/wp-json\/wp\/v2\/pages\/39\/revisions\/1262"}],"wp:featuredmedia":[{"embeddable":true,"href":"https:\/\/demofour.triviawebtech.com\/index.php\/wp-json\/wp\/v2\/media\/1261"}],"wp:attachment":[{"href":"https:\/\/demofour.triviawebtech.com\/index.php\/wp-json\/wp\/v2\/media?parent=39"}],"curies":[{"name":"wp","href":"https:\/\/api.w.org\/{rel}","templated":true}]}}